{"id":814,"date":"2016-06-12T20:39:41","date_gmt":"2016-06-12T20:39:41","guid":{"rendered":"http:\/\/demo.lyrathemes.com\/kale-pro\/?page_id=2"},"modified":"2023-08-01T01:09:54","modified_gmt":"2023-08-01T04:09:54","slug":"about","status":"publish","type":"page","link":"https:\/\/maquiagemnocinema.com\/?page_id=814","title":{"rendered":"Autora"},"content":{"rendered":"\n<blockquote class=\"wp-block-quote\">\n<p>Meu nome \u00e9 Mirella Oliveira, sou fundadora e autora do <a href=\"http:\/\/maquiagemnocinema.com\/\"><em><strong>Maquiagem no Cinema<\/strong><\/em><\/a> , e atuante na ind\u00fastria cinematogr\u00e1fica h\u00e1 mais de 20 anos (10 deles como maquiadora e caracterizadora). <br><br>Para conhecer melhor meu trabalho, acesse o portfolio: <a href=\"https:\/\/www.behance.net\/mirellamoliveira\">Mirella Oliveira on Behance<\/a><br><br>A reda\u00e7\u00e3o do \u201cMaquiagem no Cinema\u201d est\u00e1 localizada no Alto da Lapa (SP), no espa\u00e7o Arte Collab 112. Agende sua visita!<br><br><em>Contato: 55 11 9 9485 9857<br>E-mail: <\/em><a href=\"mailto:maquiagemnocinema@gmail.com\"><em>maquiagemnocinema@gmail.com<\/em><\/a><\/p>\n<\/blockquote>\n\n\n\n<h2 class=\"wp-block-heading\">Mini Bio<\/h2>\n\n\n\n<p>Mirella Oliveira \u00e9 maquiadora de cinema e publicidade com gradua\u00e7\u00e3o pelo Instituto L\u00b4Or\u00e9al Professionnel, aperfei\u00e7oamento nas \u00e1reas de caracteriza\u00e7\u00e3o e efeitos especiais em Hollywood, Los Angeles (EUA), forma\u00e7\u00e3o em Psicologia e P\u00f3s Gradua\u00e7\u00e3o em Gest\u00e3o de Pessoas pela FAAP, e especializa\u00e7\u00e3o em Roteiro e Distribui\u00e7\u00e3o Cinematogr\u00e1fica pelo Instituto de Cinema de SP. Presta servi\u00e7o para as principais produtoras do Brasil e possui em seu curriculum mais de 500 filmes publicit\u00e1rios, t\u00edtulos em curta e longa-metragem, entre eles dois internacionais.<\/p>\n\n\n\n<p>Mirella \u00e9 fundadora do portal <a href=\"http:\/\/maquiagemnocinema.com\/\">www.maquiagemnocinema.com.br<\/a> e conselheira fiscal do Instituto Brasil Cultural. Al\u00e9m disso, ministra aulas em escolas de cinema e em seu espa\u00e7o localizado no Alto da Lapa (SP), onde tamb\u00e9m hospeda um acervo de caracteriza\u00e7\u00e3o e perucaria, a oficina de efeitos especiais \u201cFirst Shop Makeup\u201d e o est\u00fadio de fotografia e artes \u201cAteli\u00ea e Est\u00fadio Mirra\u201d.<\/p>\n\n\n\n<div style=\"height:30px\" aria-hidden=\"true\" class=\"wp-block-spacer\"><\/div>\n\n\n\n<figure class=\"wp-block-image size-large\"><img decoding=\"async\" loading=\"lazy\" width=\"1024\" height=\"576\" src=\"http:\/\/maquiagemnocinema.com\/wp-content\/uploads\/2023\/07\/SALE-1-1024x576.png\" alt=\"\" class=\"wp-image-2594\" srcset=\"https:\/\/maquiagemnocinema.com\/wp-content\/uploads\/2023\/07\/SALE-1-1024x576.png 1024w, https:\/\/maquiagemnocinema.com\/wp-content\/uploads\/2023\/07\/SALE-1-300x169.png 300w, https:\/\/maquiagemnocinema.com\/wp-content\/uploads\/2023\/07\/SALE-1-768x432.png 768w, https:\/\/maquiagemnocinema.com\/wp-content\/uploads\/2023\/07\/SALE-1-1536x864.png 1536w, https:\/\/maquiagemnocinema.com\/wp-content\/uploads\/2023\/07\/SALE-1-2048x1152.png 2048w\" sizes=\"(max-width: 1024px) 100vw, 1024px\" \/><\/figure>\n\n\n\n<p><\/p>\n\n\n\n<div style=\"height:30px\" aria-hidden=\"true\" class=\"wp-block-spacer\"><\/div>\n\n\n\n<figure class=\"wp-block-image size-large\"><img decoding=\"async\" loading=\"lazy\" width=\"1024\" height=\"576\" src=\"http:\/\/maquiagemnocinema.com\/wp-content\/uploads\/2023\/06\/Design-sem-nome-94-1024x576.png\" alt=\"\" class=\"wp-image-2515\" srcset=\"https:\/\/maquiagemnocinema.com\/wp-content\/uploads\/2023\/06\/Design-sem-nome-94-1024x576.png 1024w, https:\/\/maquiagemnocinema.com\/wp-content\/uploads\/2023\/06\/Design-sem-nome-94-300x169.png 300w, https:\/\/maquiagemnocinema.com\/wp-content\/uploads\/2023\/06\/Design-sem-nome-94-768x432.png 768w, https:\/\/maquiagemnocinema.com\/wp-content\/uploads\/2023\/06\/Design-sem-nome-94-1536x864.png 1536w, https:\/\/maquiagemnocinema.com\/wp-content\/uploads\/2023\/06\/Design-sem-nome-94-2048x1152.png 2048w\" sizes=\"(max-width: 1024px) 100vw, 1024px\" \/><\/figure>\n\n\n\n<div style=\"height:30px\" aria-hidden=\"true\" class=\"wp-block-spacer\"><\/div>\n\n\n\n<div data-wp-interactive=\"\" class=\"wp-block-file\"><object data-wp-bind--hidden=\"!selectors.core.file.hasPdfPreview\" hidden=\"\" class=\"wp-block-file__embed\" data=\"http:\/\/maquiagemnocinema.com\/wp-content\/uploads\/2023\/08\/Portfolio-Mirella-M.-Oliveira.pdf\" type=\"application\/pdf\" style=\"width:100%;height:600px\" aria-label=\"Incorporado de Portfolio Mirella M. Oliveira.\"><\/object><a id=\"wp-block-file--media-aef81d9e-8375-4087-93a3-b6e5cf2920ad\" href=\"http:\/\/maquiagemnocinema.com\/wp-content\/uploads\/2023\/08\/Portfolio-Mirella-M.-Oliveira.pdf\">Portfolio Mirella M. Oliveira<\/a><a href=\"http:\/\/maquiagemnocinema.com\/wp-content\/uploads\/2023\/08\/Portfolio-Mirella-M.-Oliveira.pdf\" class=\"wp-block-file__button wp-element-button\" download aria-describedby=\"wp-block-file--media-aef81d9e-8375-4087-93a3-b6e5cf2920ad\">Baixar<\/a><\/div>\n","protected":false},"excerpt":{"rendered":"<p>Meu nome \u00e9 Mirella Oliveira, sou fundadora e autora do Maquiagem no Cinema , e atuante na ind\u00fastria cinematogr\u00e1fica h\u00e1 mais de 20 anos (10 deles como maquiadora e caracterizadora). Para conhecer melhor meu trabalho, acesse o portfolio: Mirella Oliveira on Behance A reda\u00e7\u00e3o do [&hellip;]<\/p>\n","protected":false},"author":1,"featured_media":908,"parent":0,"menu_order":0,"comment_status":"open","ping_status":"closed","template":"","meta":{"om_disable_all_campaigns":false,"_monsterinsights_skip_tracking":false,"_monsterinsights_sitenote_active":false,"_monsterinsights_sitenote_note":"","_monsterinsights_sitenote_category":0,"footnotes":""},"aioseo_notices":[],"_links":{"self":[{"href":"https:\/\/maquiagemnocinema.com\/index.php?rest_route=\/wp\/v2\/pages\/814"}],"collection":[{"href":"https:\/\/maquiagemnocinema.com\/index.php?rest_route=\/wp\/v2\/pages"}],"about":[{"href":"https:\/\/maquiagemnocinema.com\/index.php?rest_route=\/wp\/v2\/types\/page"}],"author":[{"embeddable":true,"href":"https:\/\/maquiagemnocinema.com\/index.php?rest_route=\/wp\/v2\/users\/1"}],"replies":[{"embeddable":true,"href":"https:\/\/maquiagemnocinema.com\/index.php?rest_route=%2Fwp%2Fv2%2Fcomments&post=814"}],"version-history":[{"count":25,"href":"https:\/\/maquiagemnocinema.com\/index.php?rest_route=\/wp\/v2\/pages\/814\/revisions"}],"predecessor-version":[{"id":2717,"href":"https:\/\/maquiagemnocinema.com\/index.php?rest_route=\/wp\/v2\/pages\/814\/revisions\/2717"}],"wp:featuredmedia":[{"embeddable":true,"href":"https:\/\/maquiagemnocinema.com\/index.php?rest_route=\/wp\/v2\/media\/908"}],"wp:attachment":[{"href":"https:\/\/maquiagemnocinema.com\/index.php?rest_route=%2Fwp%2Fv2%2Fmedia&parent=814"}],"curies":[{"name":"wp","href":"https:\/\/api.w.org\/{rel}","templated":true}]}}