{"id":73,"date":"2018-08-01T22:25:47","date_gmt":"2018-08-02T01:25:47","guid":{"rendered":"http:\/\/maquiagemnocinema.com\/?page_id=73"},"modified":"2019-02-11T13:00:35","modified_gmt":"2019-02-11T15:00:35","slug":"entrevistas","status":"publish","type":"page","link":"https:\/\/maquiagemnocinema.com\/?page_id=73","title":{"rendered":"Entrevistas"},"content":{"rendered":"\n<div class=\"wp-block-image\"><figure class=\"aligncenter\"><img decoding=\"async\" src=\"https:\/\/pnwaudiology.com\/wp-content\/uploads\/2018\/01\/Coming-Soon.jpg\" alt=\"Resultado de imagem para under construction\"\/><figcaption><strong>Estamos em fase de pr\u00e9-produ\u00e7\u00e3o, volte em breve e aguarde muitas novidades!<\/strong><\/figcaption><\/figure><\/div>\n","protected":false},"excerpt":{"rendered":"","protected":false},"author":1,"featured_media":0,"parent":0,"menu_order":0,"comment_status":"closed","ping_status":"closed","template":"template-recipe-index.php","meta":{"om_disable_all_campaigns":false,"_monsterinsights_skip_tracking":false,"_monsterinsights_sitenote_active":false,"_monsterinsights_sitenote_note":"","_monsterinsights_sitenote_category":0,"footnotes":""},"aioseo_notices":[],"_links":{"self":[{"href":"https:\/\/maquiagemnocinema.com\/index.php?rest_route=\/wp\/v2\/pages\/73"}],"collection":[{"href":"https:\/\/maquiagemnocinema.com\/index.php?rest_route=\/wp\/v2\/pages"}],"about":[{"href":"https:\/\/maquiagemnocinema.com\/index.php?rest_route=\/wp\/v2\/types\/page"}],"author":[{"embeddable":true,"href":"https:\/\/maquiagemnocinema.com\/index.php?rest_route=\/wp\/v2\/users\/1"}],"replies":[{"embeddable":true,"href":"https:\/\/maquiagemnocinema.com\/index.php?rest_route=%2Fwp%2Fv2%2Fcomments&post=73"}],"version-history":[{"count":2,"href":"https:\/\/maquiagemnocinema.com\/index.php?rest_route=\/wp\/v2\/pages\/73\/revisions"}],"predecessor-version":[{"id":1192,"href":"https:\/\/maquiagemnocinema.com\/index.php?rest_route=\/wp\/v2\/pages\/73\/revisions\/1192"}],"wp:attachment":[{"href":"https:\/\/maquiagemnocinema.com\/index.php?rest_route=%2Fwp%2Fv2%2Fmedia&parent=73"}],"curies":[{"name":"wp","href":"https:\/\/api.w.org\/{rel}","templated":true}]}}