{"id":2557,"date":"2023-07-28T17:42:45","date_gmt":"2023-07-28T20:42:45","guid":{"rendered":"http:\/\/maquiagemnocinema.com\/?page_id=2557"},"modified":"2023-07-31T17:15:01","modified_gmt":"2023-07-31T20:15:01","slug":"consultorias","status":"publish","type":"page","link":"https:\/\/maquiagemnocinema.com\/?page_id=2557","title":{"rendered":"consultorias"},"content":{"rendered":"\n<h2 class=\"wp-block-heading\">Nossa equipe multidiscilplinar oferece consultoria para Caracteriza\u00e7\u00e3o de Personagens, englobando elementos como: Maquiagem art\u00edstica, maquiagem de efeitos especiais, pr\u00f3teses, perucas, pr\u00f3teses capilares, pr\u00f3teses dent\u00e1rias e fotografia profissional.<\/h2>\n\n\n\n<h2 class=\"wp-block-heading\">Entre em contato conosco para mais detalhes: 11-9-9485-9857<\/h2>\n","protected":false},"excerpt":{"rendered":"<p>Nossa equipe multidiscilplinar oferece consultoria para Caracteriza\u00e7\u00e3o de Personagens, englobando elementos como: Maquiagem art\u00edstica, maquiagem de efeitos especiais, pr\u00f3teses, perucas, pr\u00f3teses capilares, pr\u00f3teses dent\u00e1rias e fotografia profissional. Entre em contato conosco para mais detalhes: 11-9-9485-9857<\/p>\n","protected":false},"author":1,"featured_media":1430,"parent":0,"menu_order":0,"comment_status":"closed","ping_status":"closed","template":"","meta":{"om_disable_all_campaigns":false,"_monsterinsights_skip_tracking":false,"_monsterinsights_sitenote_active":false,"_monsterinsights_sitenote_note":"","_monsterinsights_sitenote_category":0,"footnotes":""},"aioseo_notices":[],"_links":{"self":[{"href":"https:\/\/maquiagemnocinema.com\/index.php?rest_route=\/wp\/v2\/pages\/2557"}],"collection":[{"href":"https:\/\/maquiagemnocinema.com\/index.php?rest_route=\/wp\/v2\/pages"}],"about":[{"href":"https:\/\/maquiagemnocinema.com\/index.php?rest_route=\/wp\/v2\/types\/page"}],"author":[{"embeddable":true,"href":"https:\/\/maquiagemnocinema.com\/index.php?rest_route=\/wp\/v2\/users\/1"}],"replies":[{"embeddable":true,"href":"https:\/\/maquiagemnocinema.com\/index.php?rest_route=%2Fwp%2Fv2%2Fcomments&post=2557"}],"version-history":[{"count":3,"href":"https:\/\/maquiagemnocinema.com\/index.php?rest_route=\/wp\/v2\/pages\/2557\/revisions"}],"predecessor-version":[{"id":2690,"href":"https:\/\/maquiagemnocinema.com\/index.php?rest_route=\/wp\/v2\/pages\/2557\/revisions\/2690"}],"wp:featuredmedia":[{"embeddable":true,"href":"https:\/\/maquiagemnocinema.com\/index.php?rest_route=\/wp\/v2\/media\/1430"}],"wp:attachment":[{"href":"https:\/\/maquiagemnocinema.com\/index.php?rest_route=%2Fwp%2Fv2%2Fmedia&parent=2557"}],"curies":[{"name":"wp","href":"https:\/\/api.w.org\/{rel}","templated":true}]}}